{"id":16,"date":"2015-11-14T15:00:20","date_gmt":"2015-11-14T14:00:20","guid":{"rendered":"http:\/\/www.senioren-freuden.de\/blog\/?page_id=16"},"modified":"2019-01-03T17:43:36","modified_gmt":"2019-01-03T16:43:36","slug":"internet-praesenz","status":"publish","type":"page","link":"https:\/\/www.senioren-freuden.de\/blog\/internet-praesenz\/","title":{"rendered":"Provider, Internet, Homepage und Blog"},"content":{"rendered":"<h1>Unterwegs im Internet<\/h1>\n<p><span style=\"color: #000000;\">Ab <\/span><span style=\"color: #000000;\">24.01.2015<\/span><span style=\"color: #000000;\"><b>, Es geht weiter mit v<\/b><\/span><span style=\"color: #000000;\"><b>iel Arbeit und <\/b><\/span><span style=\"color: #000000;\"><b>auch <\/b><\/span><span style=\"color: #000000;\"><b>immer wieder Verdruss<\/b><\/span><\/p>\n<p><span style=\"text-decoration: underline;\">24.01.2015:<\/span> Namo-WEB-Editor 9.0 installiert. Neue Homepage &#8218;Senioren&#8216; editiert.<br \/>\n<span style=\"text-decoration: underline;\">10.02.2015:<\/span> Advancd Guestbook 2.4.4 installiert<br \/>\n<span style=\"text-decoration: underline;\">20.02.2015:<\/span> Nach intensiver Erprobung von <strong>Bitnami-WordPress<\/strong> installiere ich <strong>WordPress 4.3<\/strong> mit dem Theme &#8218;TwentyFourteen \u2013 Anjirai. Zugang (Frontend): http:\/\/www.senioren-freuden.de\/blog\/<br \/>\n<span style=\"text-decoration: underline;\">20.02.2015:<\/span> Mehrere <strong>eMail-Postf\u00e4cher<\/strong> eingerichtet: Separate Adressen f\u00fcr Informationen, Blog, WEB-Kontakte, G\u00e4stebuch \u2013 alle werden mit <strong>Thunderbird<\/strong> gesammelt und sind dort zentral abrufbar.<br \/>\n<span style=\"text-decoration: underline;\">16.03.2015:<\/span> Ich starte die erste Gehversuche mit WordPress als <strong>Blogger<\/strong> und stelle heute die ersten Artikel online.<br \/>\n<span style=\"text-decoration: underline;\">27.03.2015:<\/span> Noch einmal Post an die Gesch\u00e4ftsleitung von 1und1:<\/p>\n<p style=\"padding-left: 30px;\">Sehr geehrte Damen und Herren,<br \/>\nam 21.01.2015 \u00fcbersandte ich der Fa. 1&amp;1 Internet AG den in Kopie beigef\u00fcgten Brief. Daraufhin erhielt ich diverse Informationen mit z.T. idiotischem Inhalt. Bitte geben Sie meinen Auftrag an einen kompetenten Mitarbeiter. Ich erwarte in einer angemessenen Zeit (14 Tage) eine schriftliche (!) Best\u00e4tigung, <strong>dass meine K\u00fcndigung wirksam<\/strong> ist, ich nicht mehr Besitzer der angesprochenen Domain bin und mir nach Vertragsende im Juni 2015 keine Kosten mehr entstehen.<\/p>\n<p><span style=\"text-decoration: underline;\">07.04.2015:<\/span> Ach ja, zu meinem alten Internet-Vertrag geh\u00f6rte ja auch ein <strong>Mobilfunk-Modul<\/strong>. Damit ich nicht allen Freunden und Bekannten die \u00c4nderung einer Handy-Nr. mitteilen muss, werde ich den neuen Vertrag mit <strong>Rufnummernmitnahme<\/strong> abschlie\u00dfen. Also schnell vor Vetragsende noch einen Auftrag an <strong>Simply<\/strong>: Tarif &#8217;simply clever prepaid&#8216;, Rufnummern-Mitnahme. Von Simply kommt dann prompt die Nachricht, dass 1&amp;1 die <strong>Rufnummer nicht freigibt<\/strong>. Obwohl gemeinsam abgeschlossen, betrachtet 1&amp;1 den Mobilfunk-Vertrag als eigenst\u00e4ndige Einheit \u2013 der Vertrag muss separat gek\u00fcndigt werden. Nachdem auch das erledigt ist, erhalte ich die erl\u00f6sende Mitteilung: Mobilfunk-Vertrag wird zum 04.05.2015 aktiviert.<br \/>\n<span style=\"text-decoration: underline;\">25.04.2015:<\/span> Bei 1blu die \u00dcbernahme der Domain www.bernd-runde.de beantragt, mit Auth.-Code.<br \/>\n<span style=\"text-decoration: underline;\">24.06.2015:<\/span> Authentifizierungs-Code wird mit separater Mail best\u00e4tigt.<br \/>\n<span style=\"text-decoration: underline;\">10.08.2015:<\/span> Das Ganze noch einmal &#8211; Mein G\u00e4stebuch wird von <strong>Spamern<\/strong> kompromittiert &#8211; alles komplett (incl. mySQL-Datenbank) gel\u00f6scht und WorPress neu eingerichtet und konfiguriert.<br \/>\n<span style=\"text-decoration: underline;\">13.08.2015:<\/span> Es kommt eine neue <strong>Hiobsbotschaft<\/strong>: Der Server des Providers ist gehackt worden. &#8222;Bitte sofort alle Passw\u00f6rter \u00e4ndern.\u201c <strong>Umgehend alle Passw\u00f6rter ge\u00e4ndert !!!!!<\/strong> Danach ist die &#8218;Blog&#8216;-Seite wegen &#8218;Datenbankfehler&#8216; nicht mehr aufrufbar. Alle Eintr\u00e4ge konnte ich aber retten.<br \/>\n<span style=\"text-decoration: underline;\">21.08.2015:<\/span> WordPress (incl. mySQL) komplett gel\u00f6scht.<br \/>\n<span style=\"text-decoration: underline;\">23.08.2015:<\/span> WordPress \/blog komplett neu aufgebaut.<br \/>\n<span style=\"text-decoration: underline;\">24.08.2015:<\/span> Ein neues, sicheres G\u00e4stebuch muss her. <strong>Lazarus-G\u00e4stebuch<\/strong> installiert. Danach erfolgen keine unerw\u00fcnschten G\u00e4stebucheintr\u00e4ge mehr !!!<br \/>\n<span style=\"text-decoration: underline;\">25.08.2015:<\/span> Um den Administrator-Zugriff auf WordPress zu reaktivieren, kopiere ich schlussendlich noch aus dem Backup der alten Konfiguration (wp-config.php.bkp) vom 23.08. das alte <strong>Passwort<\/strong> in die aktuelle wp-config.php vom 24.08. und \u00fcberschreibe das derzeit aktive Passwort. In die 1Blu-Konfig f\u00fcr die entsprechende mySQL-Datenbank trage ich noch das neue Passwort ein. &#8211; Zugriff auf Blog ist danach wieder m\u00f6glich.<br \/>\n<span style=\"text-decoration: underline;\">20.03.2017:<\/span> <strong>1blu-Cloud<\/strong> eingerichtet mit 75 GB und mit Laufwerks-Buchstaben im Explorer eingebunden, als Sicherung f\u00fcr Reisetageb\u00fccher.<br \/>\n<span style=\"text-decoration: underline;\">17.04.2017:<\/span> Ich kann meine eigene Homepage nicht mehr erreichen. FireFox verweigert den Zugriff mit <strong>&#8222;Die Seite ist unsicher\u201c<\/strong>. SSL-Zertifikat f\u00fcr \u201asenioren-freuden.de\u2018 bei 1blu beantragt.<br \/>\n<span style=\"text-decoration: underline;\">20.03.2018:<\/span> <strong>Let\u2018s Encrypt<\/strong> f\u00fcr www.bernd-runde.de auf 1blu aktiviert.<br \/>\n<span style=\"text-decoration: underline;\">27.03.2018:<\/span> Let\u2018s Encrypt f\u00fcr www.berndshobbys.de auf 1blu aktiviert.<br \/>\n<span style=\"text-decoration: underline;\">27.03.2018:<\/span> WordPress modifiziert, um Beitragsbilder skalieren zu k\u00f6nnen \u2013 <strong>Plug-In &#8222;Simple Image Sizes\u201c<\/strong> importiert, ben\u00f6tigt PHP 5.6 \u2013 Update PHP nach 1blu-Anweisung auf vs 5.6<br \/>\n<span style=\"text-decoration: underline;\">12.11.2018:<\/span> Das kostenpflichtige <strong>Login-SSL-Zertifikat<\/strong> f\u00fcr senioren-freuden.de gek\u00fcndigt zum April 2019.<br \/>\n<span style=\"text-decoration: underline;\">01.01.2019:<\/span> Durch Zufall entdecke ich, dass der <strong>G\u00e4stebuch<\/strong>-Inhalt nicht mehr angezeigt wird. Reparatur \u201aG\u00e4stebuch.html\u2018, der interne Link war nicht auf https umgestellt. Das ist die Gelegenheit, noch einige weitere Seiten zu reparieren (einige URL enthalten Gro\u00dfbuchstaben) bzw. zu erg\u00e4nzen.<\/p>\n<p>21.01.2015, <strong>So einfach geht das doch nicht<\/strong><\/p>\n<p>Da l\u00e4uft ja noch der <strong>Vertrag \u00fcber die alte &#8222;.net-Domain\u201c<\/strong>. So etwas sollte man doch lieber schriftlich machen. Kurzmitteilung an 1und1:<\/p>\n<p style=\"padding-left: 30px;\">\nSehr geehrte Damen und Herren,<br \/>\nerg\u00e4nzend zu der durch die Telekom erfolgten \u00dcbernahme-K\u00fcndigung meines Vertrages Nr. xxxxxxx, <strong>k\u00fcndige<\/strong> ich hiermit die Domain &#8218;berndshobbys.net&#8216; und beauftrage Sie, bei der zust\u00e4ndigen Registrierstelle einen <strong>CLOSE-Auftrag<\/strong> zu stellen. Ich bin mir bewusst, dass eine mit CLOSE-Auftrag gek\u00fcndigte Domain nicht reaktiviert werden kann, dass alle damit zusammenh\u00e4ngenden eMail-Adressen ung\u00fcltig werden und der Inhalt meines Webspaces verloren ist.<br \/>\nIch bitte um Best\u00e4tigung schriftlich oder per Mail an &#8218;XYZ&#8216;.<\/p>\n<p>Die Antwort vom 24.01.2015 auf dieses Schreiben ist einigerma\u00dfen verwirrend und leider auch keineswegs zufriedenstellend:<\/p>\n<p style=\"padding-left: 30px;\">Sehr geehrter Herr Runde,<br \/>\nvielen Dank f\u00fcr lhre Nachricht. lhre K\u00fcndigung der Domaine hat uns erreicht. Um die Domain zu k\u00fcndigen, haben Sie zwei M\u00f6glichkeiten:<br \/>\n&#8211;<br \/>\n<strong>stornieren Sie lhren Anbieterwechsel<\/strong><br \/>\nOder<br \/>\n&#8211;<br \/>\nbeauftragen Sie die K\u00fcndigung im Control Center eigenh\u00e4ndig.<br \/>\nSie haben weitere Fragen? Gerne sind wir f\u00fcr Sie da. Sie erreichen uns t\u00e4glich, rund um die Uhr, unter: 0721 96 00 (kostenfrei aus dem Netz von 1&amp;1 , Festnetz- und Mobilfunkpreise anderer Anbieter ggf. abweichend)<br \/>\nWir w\u00fcnschen lhnen ein sch\u00f6nes Wochenende und verbleiben<\/p>\n<p>19.\/20.01.2015, <b>Umbau der alten WEB-Pr\u00e4senz<\/b><\/p>\n<p>Neuer Provider, neue Domain, neue Techniken, das sind Gr\u00fcnde genug, \u00fcber den Umbau der alten und den Aufbau meiner <strong>neuen WEB-Pr\u00e4senz<\/strong> nachzudenken. Ich entschlie\u00dfe mich deshalb zum Aufbruch zu neuen Ufern. Unter dem Motto \u201eSeniorenalltag\u201c werde ich \u00fcber das &#8218;was war\u2018 und die &#8218;Freuden am Alltag\u2018 berichten. Au\u00dferdem ben\u00f6tige ich ein Ventil, um meinen Unmut \u00fcber Dinge zu \u00e4u\u00dfern, die \u201efr\u00fcher viel besser\u201c waren.<\/p>\n<p>Ich f\u00fchre die bisherigen drei Auftritte in einem Verzeichnis zusammen. Daf\u00fcr m\u00fcssen allerdings in ca. <strong>300 HTML-Seiten<\/strong> alle Querverweise von &#8218;extern\u2018 auf &#8218;intern\u2018 umgeschrieben werden (aus www.bernd-runde.de wird ..\/ und aus www.berndshobbys.net wird ..\/). Dank der hervorragenden <strong>&#8218;Multi\u2018-Ersetzen-Funktion<\/strong> im Notepad++-Editor geht das verh\u00e4ltnism\u00e4\u00dfig z\u00fcgig vonstatten. Die weiteren Code-Anpassungen sind minimal: der von 1und1 umger\u00fcstete Besucherz\u00e4hler und das G\u00e4stebuch werden deaktiviert und eine geeignete Mail-Adresse wird eingef\u00fcgt. Verzeichnis auf Webspace eingerichtet und im Serverbereich den Domains zugeordnet. Komplette <strong>alte Homepage auf Server<\/strong> hochgeladen.<\/p>\n<p>Noch einmal alles testen und dann mit FileZilla den korrigierten Inhalt ins neue Domizil kopieren. Eine <strong>Umleitungs-Seite<\/strong> beim alten Provider ist schnell erstellt und getestet. Nachdem alle Daten von den alten Domains gel\u00f6scht sind, binde ich dort die Umleitungsseite ein. Jetzt bin ich weiterhin \u00fcber die seit Jahren publizierte Adresse www.bernd-runde.de erreichbar und kann in Ruhe die neue WEB-Pr\u00e4senz aufbauen.<\/p>\n<p>Bei 1&amp;1 wird gesamten <strong>Webspace gel\u00f6scht<\/strong>. Bei bernd-runde.de neue Umleitungs-Datei eingestellt. Die neue Homapage ist \u00fcber bernd-runde.de und berndshobbys.de aufrufbar.<\/p>\n<p>16.01.2015, <b>Neuer WEB-Auftritt<\/b><\/p>\n<p>Ein Sonderangebot der Firma 1blu weckt mein Interesse. Preis und Ausstattung passen zu meinen Anforderungen \u2013 also noch ein neuer Vertrag f\u00fcr meinen neuen WEB-Auftritt. Ich schlie\u00dfe mit <strong>1Blu<\/strong> einen Vertrag \u00fcber \u201e1Blu\/Ultra\u201c und melde zun\u00e4chst die neue Domain www.berndshobbys.de (die alte lief unter .net) und ein passendes eMail-Konto an. Dort werde ich die alte Homepage als Archiv f\u00fcr Nostalgiker unterbringen.<\/p>\n<p>Was sagen denn die alten Vertragsunterlagen \u00fcber <strong>K\u00fcndigung und Fristen<\/strong>? <em>Domain &#8218;www.bernd-runde.de&#8216; zum fr\u00fchestm\u00f6glichen Termin k\u00fcndigen mit Domain-Mitnahme zu 1blu, pers\u00f6nlich den daf\u00fcr notwendigen Authentifizierungs-Code anfordern \u2013 30 Tage vor Vertragsende<\/em>.<\/p>\n<p>K\u00fcndigung ist best\u00e4tigt zum 24.06.2015 \u2013 <strong>Authentifizierungs-Code<\/strong> wird mit separater Mail best\u00e4tigt. Ein sogananntes &#8218;Close&#8216; muss allerdings f\u00fcr die nicht wiederbelebbare WEB-Adresse www.berndshobbys.net beantragt werden.<\/p>\n<p>Zeitnah (am 18.01.2015) richte ich den passenden <strong>FTP-Zugang<\/strong> ein, den ich im FTP-Client &#8222;Portable FileZilla&#8220; speichere. Erg\u00e4nzend beschaffe ich noch die <strong>zus\u00e4tzlichen WEB-Adressen<\/strong> www.senioren-freuden.de und bernd-runde.de. Jetzt warte ich noch auf den bestellten WEB-Editor, dann kann es losgehen.<\/p>\n<p>10.01.2015, <b>Und die alte Homepage?<\/b><\/p>\n<p>Was mache ich blo\u00df mit meiner alten, leider sehr lange nicht gepflegten <strong>Homepage<\/strong>? Alles f\u00fcr den M\u00fcll? Das geht nicht, steckt doch eine Menge Arbeit drin und sicher die eine oder andere brauchbare Seite. Pl\u00f6tzlich tauchen Fragen auf, bei deren Suche nach Antworten ich pl\u00f6tzlich verstehe, warum einige Zeitgenossen sich scheuen, bei Problemen gleich den Provider zu wechseln.<\/p>\n<p>Schon kurz nachdem ich im Oktober 2000 meine erste Homepage ins Netz stellte, reichte der angemietete Platz nicht mehr aus, um in dem verf\u00fcgbaren gebuchten WEB-Space alles unterzubringen. So kam es, dass mein <strong>WEB-Auftritt \u00fcber drei verschiedene Adressen<\/strong> (Domains) verteilt wurde.<\/p>\n<p>23.10.2014, <span style=\"text-decoration: underline;\"><b>Providerwechsel<\/b><\/span><\/p>\n<p>Wenn 1und1 mir keinen <strong>funktionierenden Internetzugang<\/strong> verschaffen kann oder will, muss ich mir also eine Firma suchen, die evtl. dazu in der Lage ist. Ich verstehe nicht, warum sich einige Leute bei Problemen mit ihrem Provider so lange streiten, statt einfach zu k\u00fcndigen. Ich werde den Provider wechseln und es mit der Telekom versuchen.<\/p>\n<p>Schnell ist ein <strong>Magenta-Zuhause M-Vertrag<\/strong> abgeschlossen \u2013 es gibt sogar eine Filiale in Hann. M\u00fcnden \u2013 mit der Ma\u00dfgabe der <strong>\u00dcbernahme aller relevanter Daten<\/strong> (wie z.B. meine drei Telefon-Nummern). Leider betr\u00e4gt die Restlaufzeit des alten Vertrages noch einige Monate. F\u00fcr die \u00dcbergangs- und Wartezeit habe ich meinen alten Internetzugang mit einem in ausgemusterten Altger\u00e4ten vorhandenen Router provisorisch wieder hergestellt. Einige Monate ohne Internetzugang w\u00fcrden nat\u00fcrlich gewaltige Probleme bereiten; schlie\u00dflich muss ja die existierende <strong>Internet-Pr\u00e4senz gerettet<\/strong> werden.<\/p>\n<p>Oktober 2014, <span style=\"text-decoration: underline;\"><b>Kunde st\u00f6rt Betriebsablauf<\/b><\/span><\/p>\n<p>Meine Internetverbindung spinnt. Schon nach wenige Sekunden eines Telefonats oder einer <strong>Internetverbindung<\/strong> blinken alle L\u00e4mpchen der Fritz!Box. &#8218;Na, da haben sie wohl wieder beim Buddeln in den Stra\u00dfen ein Kabel angekratzt\u2018 denke ich. Nach einer Woche ist der<strong> Fehler<\/strong> aber nicht behoben. &#8218;Dann ist es doch etwas Ernsteres.\u2018 Ich entferne nacheinander die gesamte Peripherie vom Router \u2013 USB-Hub, Drucker, NAS, gehe nur mit jeweils einem PC \u2013 wahlweise LAN oder WLAN ins Netz und lege alle Telefone lahm. Das Ergebnis ist nicht sehr erfreulich, der Fehler bleibt.<\/p>\n<p>Dann m\u00fcssen also richtige Fachleute her. Eine Internet-Recherche und die Konsultierung der FAQs meines Providers f\u00f6rdern allerdings keine brauchbaren Ergebnisse zutage. So bleibt mir nur der ungeliebte Gang zur <strong>Hotline<\/strong> meines Providers \u201a1und1\u2018. Nach der heute so \u00fcblichen Tipp-Orgie durch den Sprachcomputer endlich eine freundliche Stimme. Nach Schilderung meines Problems kommen wir der Sache schon n\u00e4her: &#8218;Ja, ich sehe, dass sich ihre Verbindung h\u00e4ufig neu aufbaut.\u2018 &#8218;Und?\u2018 meine erwartungsfrohe R\u00fcckfrage. &#8218;Da sollten sie &#8218;mal ihre Installation \u00fcberpr\u00fcfen\u2018, ein Spruch der Hotline von 1und1, der einige Umw\u00e4lzungen ausl\u00f6st. Eine wirklich kompetente Beratung ! Meine Installation l\u00e4uft seit 15 Jahren klaglos, und alle Komponenten wurden ja \u00fcberpr\u00fcft.<\/p>\n<p>Nat\u00fcrlich kenne ich das, man sch\u00e4tzt seine pers\u00f6nlichen Fertigkeiten und Eigenarten oft v\u00f6llig falsch ein. Ich sicher auch. Von mir kann ich allerdings behaupten, entscheidungsfreudig und konsequent zu sein. In einem Fall kommen mir diese Eigenschaften diesmal sehr zugute: Bei einem <strong>Provider ohne brauchbaren bzw. lustlosen Kundendienst<\/strong> werde ich nicht bleiben.<\/p>\n<p>&nbsp;<\/p>\n","protected":false},"excerpt":{"rendered":"<p>Unterwegs im Internet Ab 24.01.2015, Es geht weiter mit viel Arbeit und auch immer wieder Verdruss 24.01.2015: Namo-WEB-Editor 9.0 installiert. Neue Homepage &#8218;Senioren&#8216; editiert. 10.02.2015: Advancd Guestbook 2.4.4 installiert 20.02.2015: Nach intensiver Erprobung von Bitnami-WordPress installiere ich WordPress 4.3 mit dem Theme &#8218;TwentyFourteen \u2013 Anjirai. Zugang (Frontend): http:\/\/www.senioren-freuden.de\/blog\/ 20.02.2015: Mehrere eMail-Postf\u00e4cher eingerichtet: Separate Adressen f\u00fcr &hellip; <a href=\"https:\/\/www.senioren-freuden.de\/blog\/internet-praesenz\/\" class=\"more-link\"><span class=\"screen-reader-text\">Provider, Internet, Homepage und Blog<\/span> weiterlesen <span class=\"meta-nav\">&rarr;<\/span><\/a><\/p>\n","protected":false},"author":1,"featured_media":0,"parent":0,"menu_order":0,"comment_status":"closed","ping_status":"closed","template":"","meta":{"footnotes":""},"class_list":["post-16","page","type-page","status-publish","hentry"],"_links":{"self":[{"href":"https:\/\/www.senioren-freuden.de\/blog\/wp-json\/wp\/v2\/pages\/16","targetHints":{"allow":["GET"]}}],"collection":[{"href":"https:\/\/www.senioren-freuden.de\/blog\/wp-json\/wp\/v2\/pages"}],"about":[{"href":"https:\/\/www.senioren-freuden.de\/blog\/wp-json\/wp\/v2\/types\/page"}],"author":[{"embeddable":true,"href":"https:\/\/www.senioren-freuden.de\/blog\/wp-json\/wp\/v2\/users\/1"}],"replies":[{"embeddable":true,"href":"https:\/\/www.senioren-freuden.de\/blog\/wp-json\/wp\/v2\/comments?post=16"}],"version-history":[{"count":17,"href":"https:\/\/www.senioren-freuden.de\/blog\/wp-json\/wp\/v2\/pages\/16\/revisions"}],"predecessor-version":[{"id":384,"href":"https:\/\/www.senioren-freuden.de\/blog\/wp-json\/wp\/v2\/pages\/16\/revisions\/384"}],"wp:attachment":[{"href":"https:\/\/www.senioren-freuden.de\/blog\/wp-json\/wp\/v2\/media?parent=16"}],"curies":[{"name":"wp","href":"https:\/\/api.w.org\/{rel}","templated":true}]}}